{"id":9,"date":"2024-01-02T18:06:20","date_gmt":"2024-01-02T18:06:20","guid":{"rendered":"https:\/\/www.spinningjicin.cz\/?page_id=9"},"modified":"2024-01-16T22:46:42","modified_gmt":"2024-01-16T21:46:42","slug":"provozni-rad","status":"publish","type":"page","link":"https:\/\/www.spinningjicin.cz\/index.php\/provozni-rad\/","title":{"rendered":"Provozn\u00ed \u0159\u00e1d"},"content":{"rendered":"\n<div class=\"wp-block-group alignfull has-accent-2-background-color has-background has-global-padding is-layout-constrained wp-container-core-group-is-layout-669513ed wp-block-group-is-layout-constrained\" style=\"margin-top:0;margin-bottom:0;padding-top:var(--wp--preset--spacing--50);padding-right:var(--wp--preset--spacing--50);padding-bottom:var(--wp--preset--spacing--50);padding-left:var(--wp--preset--spacing--50)\">\n<div class=\"wp-block-columns alignwide is-layout-flex wp-container-core-columns-is-layout-28f84493 wp-block-columns-is-layout-flex\">\n<div class=\"wp-block-column is-layout-flow wp-block-column-is-layout-flow\">\n<ul class=\"wp-block-list\">\n<li>Pravidla rezerva\u010dn\u00edho syst\u00e9mu:<\/li>\n\n\n\n<li>Objedn\u00e1vat se m\u016f\u017eete nejl\u00e9pe p\u0159es on-line rezerva\u010dn\u00ed syst\u00e9m (d\u00e1le u\u017e jen RS), pop\u0159. telefonicky na 607 418 715 .<\/li>\n\n\n\n<li>Jako nov\u00fd klient se zaregistrujete a t\u00edm si zalo\u017e\u00edte vlastn\u00ed \u00fa\u010det, v n\u011bm\u017e si m\u016f\u017ee zakoupit vstup \u010di permanentku online. Pot\u00e9 se u\u017e m\u016f\u017eete rezervovat na libovoln\u00e9 lekce v rozvrhu RS. Objednanou permanentku jste povinen uhradit p\u0159i prvn\u00ed n\u00e1v\u0161t\u011bv\u011b centra a z\u00e1rove\u0148 jste &#8211; jako ka\u017ed\u00fd registrovan\u00fd u\u017eivatel &#8211; povinen vyzvednout si na recepci z\u00e1kaznickou kartu (v\u00fdm\u011bnou za z\u00e1lohu 50 K\u010d), na kterou m\u00e1te mo\u017enost uplatnit slevy p\u0159i zakoupen\u00ed permanentky \u010di jednor\u00e1zov\u00e9ho vstupn\u00e9ho.<\/li>\n\n\n\n<li>Upozorn\u011bn\u00ed: Ka\u017ed\u00e1 permanentka je \u010dasov\u011b omezen\u00e1 v z\u00e1vislosti na po\u010dtu vstup\u016f a uhrazen\u00e9 \u010d\u00e1stce. T\u00fdden p\u0159ed vypr\u0161en\u00edm platnosti je na e-mail, v\u00e1mi vypln\u011bn\u00fd p\u0159i registraci, automaticky zas\u00edl\u00e1no upozorn\u011bn\u00ed o kon\u010d\u00edc\u00ed platnosti permanentky.<\/li>\n\n\n\n<li>Datum platnosti permanentky nelze samovoln\u011b prodlou\u017eit! Platnost m\u016f\u017eete zm\u011bnit pouze zakoupen\u00edm nov\u00e9 permanentky p\u0159ed koncem platnosti t\u00e9 st\u00e1vaj\u00edc\u00ed. Novou permanentku je mo\u017en\u00e9 koupit op\u011bt p\u0159es on-line n\u00e1kup v RS nebo p\u0159\u00edmo na recepci.<\/li>\n\n\n\n<li>P\u0159i zru\u0161en\u00ed rezervace 12 hodin p\u0159ed za\u010d\u00e1tkem lekce se kredity automaticky p\u0159i\u010d\u00edtaj\u00ed zp\u011bt na v\u00e1\u0161 \u00fa\u010det. Chcete-li zru\u0161it lekci v dob\u011b krat\u0161\u00ed 12 hodin, va\u0161e m\u00edsto automaticky pad\u00e1 do burzy. Po napln\u011bn\u00ed kapacity voln\u00fdch m\u00edst a rezervaci dal\u0161\u00edho klienta se v\u00e1m kredity p\u0159i\u010dtou zp\u011bt.<\/li>\n\n\n\n<li>Ru\u0161en\u00ed rezervac\u00ed nejl\u00e9pe p\u0159es on-line RS \u010di telefonicky. Mail ani SMS nejsou akceptov\u00e1ny.<\/li>\n\n\n\n<li>Pokud nep\u0159ijdete na rezervovanou lekci nebo va\u0161e lekce z\u016fstala v burze, je pro n\u00e1s \u0159\u00e1dn\u011b vy\u010derp\u00e1na.<\/li>\n\n\n\n<li>Kreditov\u00e9 permanentky jsou p\u0159enosn\u00e9, tedy je mo\u017en\u00e1 rezervace pro v\u00edce lid\u00ed na jeden \u00fa\u010det.<\/li>\n\n\n\n<li>VIP permanentky a m\u011bs\u00ed\u010dn\u00ed neomezen\u00e9 vstupn\u00e9 do posilovny jsou nep\u0159enosn\u00e9 na jinou osobu.<\/li>\n<\/ul>\n<\/div>\n<\/div>\n\n\n\n<div style=\"height:var(--wp--preset--spacing--40)\" aria-hidden=\"true\" class=\"wp-block-spacer\"><\/div>\n\n\n\n<figure class=\"wp-block-image alignwide size-large is-style-rounded is-style-rounded--1\"><img decoding=\"async\" src=\"https:\/\/www.spinningjicin.cz\/wp-content\/themes\/twentytwentyfour\/assets\/images\/hotel-facade.webp\" alt=\"Hyatt Regency San Francisco, San Francisco, United States\"\/><\/figure>\n<\/div>\n\n\n\n<div class=\"wp-block-group alignfull has-base-background-color has-background has-global-padding is-layout-constrained wp-container-core-group-is-layout-d89aad35 wp-block-group-is-layout-constrained\" style=\"margin-top:0;margin-bottom:0;padding-top:var(--wp--preset--spacing--50);padding-right:var(--wp--preset--spacing--50);padding-bottom:var(--wp--preset--spacing--50);padding-left:var(--wp--preset--spacing--50)\">\n<div class=\"wp-block-columns alignwide is-layout-flex wp-container-core-columns-is-layout-549b0c86 wp-block-columns-is-layout-flex\">\n<div class=\"wp-block-column is-layout-flow wp-block-column-is-layout-flow\"><\/div>\n<\/div>\n<\/div>\n\n\n\n<div class=\"wp-block-cover alignfull is-light has-parallax\" style=\"padding-top:var(--wp--preset--spacing--50);padding-right:var(--wp--preset--spacing--50);padding-bottom:var(--wp--preset--spacing--50);padding-left:var(--wp--preset--spacing--50);min-height:100vh;aspect-ratio:unset;\"><span aria-hidden=\"true\" class=\"wp-block-cover__background has-base-background-color has-background-dim-0 has-background-dim\"><\/span><div role=\"img\" class=\"wp-block-cover__image-background has-parallax\" style=\"background-position:50% 50%;background-image:url(https:\/\/www.spinningjicin.cz\/wp-content\/themes\/twentytwentyfour\/assets\/images\/art-gallery.webp)\"><\/div><div class=\"wp-block-cover__inner-container has-global-padding is-layout-constrained wp-container-core-cover-is-layout-e4fd886c wp-block-cover-is-layout-constrained\">\n<div style=\"height:500px\" aria-hidden=\"true\" class=\"wp-block-spacer\"><\/div>\n<\/div><\/div>\n\n\n\n<div class=\"wp-block-group alignfull has-base-2-background-color has-background has-global-padding is-layout-constrained wp-container-core-group-is-layout-7cd14b77 wp-block-group-is-layout-constrained\" style=\"margin-top:0;margin-bottom:0;padding-top:var(--wp--preset--spacing--60);padding-right:var(--wp--preset--spacing--60);padding-bottom:var(--wp--preset--spacing--60);padding-left:var(--wp--preset--spacing--60)\">\n<div class=\"wp-block-group alignwide is-layout-flow wp-block-group-is-layout-flow\">\n<div style=\"height:var(--wp--preset--spacing--50)\" aria-hidden=\"true\" class=\"wp-block-spacer\"><\/div>\n\n\n\n<p class=\"has-text-align-center has-heading-font-family has-x-large-font-size\" style=\"font-style:normal;font-weight:400;line-height:1.2\">\ud83d\ude42<\/p>\n\n\n\n<div style=\"height:var(--wp--preset--spacing--50)\" aria-hidden=\"true\" class=\"wp-block-spacer\"><\/div>\n<\/div>\n<\/div>\n\n\n\n<div class=\"wp-block-group alignfull has-base-2-color has-contrast-background-color has-text-color has-background has-link-color wp-elements-67e6764d30f2651e5505ae7eb7440928 has-global-padding is-layout-constrained wp-container-core-group-is-layout-facafb6f wp-block-group-is-layout-constrained\" style=\"margin-top:0;margin-bottom:0;padding-top:var(--wp--preset--spacing--50);padding-right:var(--wp--preset--spacing--50);padding-bottom:var(--wp--preset--spacing--50);padding-left:var(--wp--preset--spacing--50)\">\n<div class=\"wp-block-columns alignwide is-layout-flex wp-container-core-columns-is-layout-d1c656ed wp-block-columns-is-layout-flex\">\n<div class=\"wp-block-column is-vertically-aligned-stretch is-layout-flow wp-block-column-is-layout-flow\" style=\"padding-right:0;flex-basis:60%\"><\/div>\n\n\n\n<div class=\"wp-block-column is-layout-flow wp-block-column-is-layout-flow\" style=\"flex-basis:40%\">\n<div class=\"wp-block-group has-global-padding is-layout-constrained wp-block-group-is-layout-constrained\">\n<p class=\"has-large-font-size\" style=\"font-style:normal;font-weight:500;line-height:1.2\"><\/p>\n\n\n\n<div style=\"height:var(--wp--preset--spacing--40)\" aria-hidden=\"true\" class=\"wp-block-spacer\"><\/div>\n\n\n\n<div class=\"wp-block-group is-layout-flow wp-block-group-is-layout-flow\">\n<p class=\"has-medium-font-size\"><\/p>\n<\/div>\n<\/div>\n<\/div>\n<\/div>\n<\/div>\n","protected":false},"excerpt":{"rendered":"<p>\ud83d\ude42<\/p>\n","protected":false},"author":2,"featured_media":0,"parent":0,"menu_order":0,"comment_status":"closed","ping_status":"closed","template":"","meta":{"footnotes":""},"class_list":["post-9","page","type-page","status-publish","hentry"],"_links":{"self":[{"href":"https:\/\/www.spinningjicin.cz\/index.php\/wp-json\/wp\/v2\/pages\/9","targetHints":{"allow":["GET"]}}],"collection":[{"href":"https:\/\/www.spinningjicin.cz\/index.php\/wp-json\/wp\/v2\/pages"}],"about":[{"href":"https:\/\/www.spinningjicin.cz\/index.php\/wp-json\/wp\/v2\/types\/page"}],"author":[{"embeddable":true,"href":"https:\/\/www.spinningjicin.cz\/index.php\/wp-json\/wp\/v2\/users\/2"}],"replies":[{"embeddable":true,"href":"https:\/\/www.spinningjicin.cz\/index.php\/wp-json\/wp\/v2\/comments?post=9"}],"version-history":[{"count":7,"href":"https:\/\/www.spinningjicin.cz\/index.php\/wp-json\/wp\/v2\/pages\/9\/revisions"}],"predecessor-version":[{"id":83,"href":"https:\/\/www.spinningjicin.cz\/index.php\/wp-json\/wp\/v2\/pages\/9\/revisions\/83"}],"wp:attachment":[{"href":"https:\/\/www.spinningjicin.cz\/index.php\/wp-json\/wp\/v2\/media?parent=9"}],"curies":[{"name":"wp","href":"https:\/\/api.w.org\/{rel}","templated":true}]}}