{"id":2,"date":"2024-01-01T18:53:22","date_gmt":"2024-01-01T18:53:22","guid":{"rendered":"https:\/\/www.spinningjicin.cz\/?page_id=2"},"modified":"2025-10-29T08:18:53","modified_gmt":"2025-10-29T07:18:53","slug":"cenik","status":"publish","type":"page","link":"https:\/\/www.spinningjicin.cz\/index.php\/cenik\/","title":{"rendered":"Cen\u00edk"},"content":{"rendered":"\n<p><br>1 vstup neregistrovan\u00fd klient 150K\u010d<br>1 vstup registrovan\u00fd klient 140Kc<br>5 vstupu stoj\u00ed 600K\u010d platnost 2 m\u011bs\u00edce <br>10 vstupu stoj\u00ed 1100K\u010d platnost 3 m\u011bs\u00edce <br>20 vstup\u016f stoj\u00ed 2000Kc platnost 5 m\u011bs\u00edc\u016f <br>D\u011bti do 15 let, studenti a ZP vstup registrace nutn\u00e1 85,-K\u010d<br><\/p>\n\n\n\n<blockquote class=\"wp-block-quote is-layout-flow wp-block-quote-is-layout-flow\">\n<p>Cen\u00edk spinningJicin do 31.10.2024<\/p>\n<\/blockquote>\n\n\n\n<p>&#8230;<\/p>\n\n\n\n<blockquote class=\"wp-block-quote is-layout-flow wp-block-quote-is-layout-flow\">\n<p>Permanentn\u00ed karta u d\u011bt\u00ed a ZP nen\u00ed p\u0159enositeln\u00e1.<\/p>\n<\/blockquote>\n\n\n\n<p>Aktu\u00e1ln\u00ed cen\u00edk a AKCE v\u017edy najde\u0161 v Rezerva\u010dn\u00edm Syst\u00e9memu (online n\u00e1kup)<\/p>\n","protected":false},"excerpt":{"rendered":"<p>1 vstup neregistrovan\u00fd klient 150K\u010d1 vstup registrovan\u00fd klient 140Kc5 vstupu stoj\u00ed 600K\u010d platnost 2 m\u011bs\u00edce 10 vstupu stoj\u00ed 1100K\u010d platnost 3 m\u011bs\u00edce 20 vstup\u016f stoj\u00ed 2000Kc platnost 5 m\u011bs\u00edc\u016f D\u011bti do 15 let, studenti a ZP vstup registrace nutn\u00e1 85,-K\u010d Cen\u00edk spinningJicin do 31.10.2024 &#8230; Permanentn\u00ed karta u d\u011bt\u00ed a ZP nen\u00ed p\u0159enositeln\u00e1. Aktu\u00e1ln\u00ed cen\u00edk [&hellip;]<\/p>\n","protected":false},"author":1,"featured_media":0,"parent":0,"menu_order":0,"comment_status":"closed","ping_status":"open","template":"","meta":{"footnotes":""},"class_list":["post-2","page","type-page","status-publish","hentry"],"_links":{"self":[{"href":"https:\/\/www.spinningjicin.cz\/index.php\/wp-json\/wp\/v2\/pages\/2","targetHints":{"allow":["GET"]}}],"collection":[{"href":"https:\/\/www.spinningjicin.cz\/index.php\/wp-json\/wp\/v2\/pages"}],"about":[{"href":"https:\/\/www.spinningjicin.cz\/index.php\/wp-json\/wp\/v2\/types\/page"}],"author":[{"embeddable":true,"href":"https:\/\/www.spinningjicin.cz\/index.php\/wp-json\/wp\/v2\/users\/1"}],"replies":[{"embeddable":true,"href":"https:\/\/www.spinningjicin.cz\/index.php\/wp-json\/wp\/v2\/comments?post=2"}],"version-history":[{"count":6,"href":"https:\/\/www.spinningjicin.cz\/index.php\/wp-json\/wp\/v2\/pages\/2\/revisions"}],"predecessor-version":[{"id":93,"href":"https:\/\/www.spinningjicin.cz\/index.php\/wp-json\/wp\/v2\/pages\/2\/revisions\/93"}],"wp:attachment":[{"href":"https:\/\/www.spinningjicin.cz\/index.php\/wp-json\/wp\/v2\/media?parent=2"}],"curies":[{"name":"wp","href":"https:\/\/api.w.org\/{rel}","templated":true}]}}